{"id":305,"date":"2025-10-19T19:41:45","date_gmt":"2025-10-20T01:41:45","guid":{"rendered":"https:\/\/pprint.com.mx\/?page_id=305"},"modified":"2025-10-28T11:57:51","modified_gmt":"2025-10-28T17:57:51","slug":"workplace","status":"publish","type":"page","link":"https:\/\/pprint.com.mx\/?page_id=305","title":{"rendered":"Workplace"},"content":{"rendered":"\t\t<div data-elementor-type=\"wp-page\" data-elementor-id=\"305\" class=\"elementor elementor-305\">\n\t\t\t\t<div class=\"elementor-element elementor-element-1f9fc3cb e-flex e-con-boxed e-con e-parent\" data-id=\"1f9fc3cb\" data-element_type=\"container\" data-settings=\"{&quot;background_background&quot;:&quot;classic&quot;}\">\n\t\t\t\t\t<div class=\"e-con-inner\">\n\t\t<div class=\"elementor-element elementor-element-5fcef1e0 e-flex e-con-boxed e-con e-child\" data-id=\"5fcef1e0\" data-element_type=\"container\">\n\t\t\t\t\t<div class=\"e-con-inner\">\n\t\t\t\t<div class=\"elementor-element elementor-element-676fbc9f elementor-icon-list--layout-traditional elementor-list-item-link-full_width elementor-widget elementor-widget-icon-list\" data-id=\"676fbc9f\" data-element_type=\"widget\" data-widget_type=\"icon-list.default\">\n\t\t\t\t\t\t\t<ul class=\"elementor-icon-list-items\">\n\t\t\t\t\t\t\t<li class=\"elementor-icon-list-item\">\n\t\t\t\t\t\t\t\t\t\t\t<span class=\"elementor-icon-list-icon\">\n\t\t\t\t\t\t\t<svg aria-hidden=\"true\" class=\"e-font-icon-svg e-fas-circle\" viewBox=\"0 0 512 512\" xmlns=\"http:\/\/www.w3.org\/2000\/svg\"><path d=\"M256 8C119 8 8 119 8 256s111 248 248 248 248-111 248-248S393 8 256 8z\"><\/path><\/svg>\t\t\t\t\t\t<\/span>\n\t\t\t\t\t\t\t\t\t\t<span class=\"elementor-icon-list-text\">workplace<\/span>\n\t\t\t\t\t\t\t\t\t<\/li>\n\t\t\t\t\t\t<\/ul>\n\t\t\t\t\t\t<\/div>\n\t\t\t\t<div class=\"elementor-element elementor-element-52ac68c5 elementor-widget elementor-widget-heading\" data-id=\"52ac68c5\" data-element_type=\"widget\" data-widget_type=\"heading.default\">\n\t\t\t\t\t<h1 class=\"elementor-heading-title elementor-size-default\">Tu Espacio Creativo con iMacs Profesionales<\/h1>\t\t\t\t<\/div>\n\t\t\t\t<div class=\"elementor-element elementor-element-1eb9143b elementor-widget elementor-widget-text-editor\" data-id=\"1eb9143b\" data-element_type=\"widget\" data-widget_type=\"text-editor.default\">\n\t\t\t\t\t\t\t\t\t\u00bfEres estudiante o profesional de dise\u00f1o, fotograf\u00eda o marketing?<br><br>\nEn nuestro Workplace encontrar\u00e1s equipos iMac de \u00faltima generaci\u00f3n, con Photoshop, Illustrator y Canva Pro listos para trabajar.\t\t\t\t\t\t\t\t<\/div>\n\t\t\t\t<div class=\"elementor-element elementor-element-69cb6d82 elementor-align-left elementor-widget elementor-widget-button\" data-id=\"69cb6d82\" data-element_type=\"widget\" data-widget_type=\"button.default\">\n\t\t\t\t\t\t\t\t\t\t<a class=\"elementor-button elementor-button-link elementor-size-sm\" href=\"https:\/\/www.youtube.com\/watch?v=GBWRTnxMuQk\">\n\t\t\t\t\t\t<span class=\"elementor-button-content-wrapper\">\n\t\t\t\t\t\t<span class=\"elementor-button-icon\">\n\t\t\t\t<svg aria-hidden=\"true\" class=\"e-font-icon-svg e-fab-youtube\" viewBox=\"0 0 576 512\" xmlns=\"http:\/\/www.w3.org\/2000\/svg\"><path d=\"M549.655 124.083c-6.281-23.65-24.787-42.276-48.284-48.597C458.781 64 288 64 288 64S117.22 64 74.629 75.486c-23.497 6.322-42.003 24.947-48.284 48.597-11.412 42.867-11.412 132.305-11.412 132.305s0 89.438 11.412 132.305c6.281 23.65 24.787 41.5 48.284 47.821C117.22 448 288 448 288 448s170.78 0 213.371-11.486c23.497-6.321 42.003-24.171 48.284-47.821 11.412-42.867 11.412-132.305 11.412-132.305s0-89.438-11.412-132.305zm-317.51 213.508V175.185l142.739 81.205-142.739 81.201z\"><\/path><\/svg>\t\t\t<\/span>\n\t\t\t\t\t\t\t\t\t<span class=\"elementor-button-text\">Como crear y guardar tu dise\u00f1o en CANVA para impresi\u00f3n lona<\/span>\n\t\t\t\t\t<\/span>\n\t\t\t\t\t<\/a>\n\t\t\t\t\t\t\t\t<\/div>\n\t\t\t\t\t<\/div>\n\t\t\t\t<\/div>\n\t\t<div class=\"elementor-element elementor-element-54fa54b8 e-con-full e-flex e-con e-child\" data-id=\"54fa54b8\" data-element_type=\"container\" data-settings=\"{&quot;background_background&quot;:&quot;video&quot;}\">\n\t\t\t\t<div class=\"elementor-element elementor-element-117979a4 elementor-widget elementor-widget-video\" data-id=\"117979a4\" data-element_type=\"widget\" data-settings=\"{&quot;youtube_url&quot;:&quot;https:\\\/\\\/youtu.be\\\/ITjJLg55hXM&quot;,&quot;autoplay&quot;:&quot;yes&quot;,&quot;loop&quot;:&quot;yes&quot;,&quot;show_image_overlay&quot;:&quot;yes&quot;,&quot;image_overlay&quot;:{&quot;url&quot;:&quot;https:\\\/\\\/saddlebrown-camel-788726.hostingersite.com\\\/wp-content\\\/uploads\\\/2025\\\/10\\\/IMG_0888_-scaled-1.webp&quot;,&quot;id&quot;:42,&quot;size&quot;:&quot;&quot;,&quot;alt&quot;:&quot;&quot;,&quot;source&quot;:&quot;library&quot;},&quot;video_type&quot;:&quot;youtube&quot;}\" data-widget_type=\"video.default\">\n\t\t\t\t\t\t\t<div class=\"elementor-wrapper elementor-open-inline\">\n\t\t\t<div class=\"elementor-video\"><\/div>\t\t\t\t<div class=\"elementor-custom-embed-image-overlay\" style=\"background-image: url(https:\/\/pprint.com.mx\/wp-content\/uploads\/2025\/10\/IMG_0888_-scaled-1.webp);\">\n\t\t\t\t\t\t\t\t\t\t\t\t\t\t\t\t<div class=\"elementor-custom-embed-play\" role=\"button\" aria-label=\"Reproducir video\" tabindex=\"0\">\n\t\t\t\t\t\t\t<svg aria-hidden=\"true\" class=\"e-font-icon-svg e-eicon-play\" viewBox=\"0 0 1000 1000\" xmlns=\"http:\/\/www.w3.org\/2000\/svg\"><path d=\"M838 162C746 71 633 25 500 25 371 25 258 71 163 162 71 254 25 367 25 500 25 633 71 746 163 837 254 929 367 979 500 979 633 979 746 933 838 837 929 746 975 633 975 500 975 367 929 254 838 162M808 192C892 279 933 379 933 500 933 621 892 725 808 808 725 892 621 938 500 938 379 938 279 896 196 808 113 725 67 621 67 500 67 379 108 279 196 192 279 108 383 62 500 62 621 62 721 108 808 192M438 392V642L642 517 438 392Z\"><\/path><\/svg>\t\t\t\t\t\t<\/div>\n\t\t\t\t\t\t\t\t\t<\/div>\n\t\t\t\t\t<\/div>\n\t\t\t\t\t\t<\/div>\n\t\t<div class=\"elementor-element elementor-element-2f32c267 e-con-full elementor-hidden-tablet e-flex e-con e-child\" data-id=\"2f32c267\" data-element_type=\"container\" data-settings=\"{&quot;background_background&quot;:&quot;classic&quot;}\">\n\t\t\t\t<div class=\"elementor-element elementor-element-670ce522 elementor-icon-list--layout-traditional elementor-list-item-link-full_width elementor-widget elementor-widget-icon-list\" data-id=\"670ce522\" data-element_type=\"widget\" data-widget_type=\"icon-list.default\">\n\t\t\t\t\t\t\t<ul class=\"elementor-icon-list-items\">\n\t\t\t\t\t\t\t<li class=\"elementor-icon-list-item\">\n\t\t\t\t\t\t\t\t\t\t\t<span class=\"elementor-icon-list-icon\">\n\t\t\t\t\t\t\t<svg aria-hidden=\"true\" class=\"e-font-icon-svg e-fas-circle\" viewBox=\"0 0 512 512\" xmlns=\"http:\/\/www.w3.org\/2000\/svg\"><path d=\"M256 8C119 8 8 119 8 256s111 248 248 248 248-111 248-248S393 8 256 8z\"><\/path><\/svg>\t\t\t\t\t\t<\/span>\n\t\t\t\t\t\t\t\t\t\t<span class=\"elementor-icon-list-text\">ven y dise\u00f1a con nostros<\/span>\n\t\t\t\t\t\t\t\t\t<\/li>\n\t\t\t\t\t\t<\/ul>\n\t\t\t\t\t\t<\/div>\n\t\t\t\t<div class=\"elementor-element elementor-element-76c7a65d elementor-widget elementor-widget-image-carousel\" data-id=\"76c7a65d\" data-element_type=\"widget\" data-settings=\"{&quot;navigation&quot;:&quot;none&quot;,&quot;slides_to_show&quot;:&quot;2&quot;,&quot;autoplay&quot;:&quot;yes&quot;,&quot;pause_on_hover&quot;:&quot;yes&quot;,&quot;pause_on_interaction&quot;:&quot;yes&quot;,&quot;autoplay_speed&quot;:5000,&quot;infinite&quot;:&quot;yes&quot;,&quot;speed&quot;:500}\" data-widget_type=\"image-carousel.default\">\n\t\t\t\t\t\t\t<div class=\"elementor-image-carousel-wrapper swiper\" role=\"region\" aria-roledescription=\"carousel\" aria-label=\"Carrusel de Im\u00e1genes\" dir=\"ltr\">\n\t\t\t<div class=\"elementor-image-carousel swiper-wrapper\" aria-live=\"off\">\n\t\t\t\t\t\t\t\t<div class=\"swiper-slide\" role=\"group\" aria-roledescription=\"slide\" aria-label=\"1 de 2\"><figure class=\"swiper-slide-inner\"><img decoding=\"async\" class=\"swiper-slide-image\" src=\"https:\/\/pprint.com.mx\/wp-content\/uploads\/2025\/10\/2-1024x1024.png\" alt=\"2\" \/><\/figure><\/div><div class=\"swiper-slide\" role=\"group\" aria-roledescription=\"slide\" aria-label=\"2 de 2\"><figure class=\"swiper-slide-inner\"><img decoding=\"async\" class=\"swiper-slide-image\" src=\"https:\/\/pprint.com.mx\/wp-content\/uploads\/2025\/10\/1-1024x1024.png\" alt=\"1\" \/><\/figure><\/div>\t\t\t<\/div>\n\t\t\t\t\t\t\t\n\t\t\t\t\t\t\t\t\t<\/div>\n\t\t\t\t\t\t<\/div>\n\t\t\t\t<\/div>\n\t\t\t\t<\/div>\n\t\t\t\t\t<\/div>\n\t\t\t\t<\/div>\n\t\t<div class=\"elementor-element elementor-element-7ff4683f e-flex e-con-boxed e-con e-parent\" data-id=\"7ff4683f\" data-element_type=\"container\" data-settings=\"{&quot;background_background&quot;:&quot;classic&quot;}\">\n\t\t\t\t\t<div class=\"e-con-inner\">\n\t\t<div class=\"elementor-element elementor-element-51873ff6 e-con-full e-flex e-con e-child\" data-id=\"51873ff6\" data-element_type=\"container\">\n\t\t\t\t<div class=\"elementor-element elementor-element-2b8b63f0 elementor-widget elementor-widget-heading\" data-id=\"2b8b63f0\" data-element_type=\"widget\" data-widget_type=\"heading.default\">\n\t\t\t\t\t<h1 class=\"elementor-heading-title elementor-size-default\">Crea, dise\u00f1a, edita y presenta tus proyectos con <strong data-start=\"2690\" data-end=\"2724\">tecnolog\u00eda de alto rendimiento<\/strong>.<br data-start=\"2725\" data-end=\"2728\">\nPuedes rentar tu estaci\u00f3n <strong data-start=\"2754\" data-end=\"2766\">por hora<\/strong>, trabajar solo o en equipo, y adem\u00e1s obtener un <strong data-start=\"2815\" data-end=\"2835\">10% de descuento<\/strong> en cualquier impresi\u00f3n que realices con nosotros.<\/h1>\t\t\t\t<\/div>\n\t\t\t\t<\/div>\n\t\t\t\t\t<\/div>\n\t\t\t\t<\/div>\n\t\t<div class=\"elementor-element elementor-element-62f90e77 e-flex e-con-boxed e-con e-parent\" data-id=\"62f90e77\" data-element_type=\"container\" data-settings=\"{&quot;background_background&quot;:&quot;classic&quot;}\">\n\t\t\t\t\t<div class=\"e-con-inner\">\n\t\t<div class=\"elementor-element elementor-element-162f1f45 e-con-full e-flex e-con e-child\" data-id=\"162f1f45\" data-element_type=\"container\">\n\t\t<div class=\"elementor-element elementor-element-7ab64ada e-con-full e-flex e-con e-child\" data-id=\"7ab64ada\" data-element_type=\"container\">\n\t\t<div class=\"elementor-element elementor-element-5de006d0 e-con-full e-flex e-con e-child\" data-id=\"5de006d0\" data-element_type=\"container\" data-settings=\"{&quot;background_background&quot;:&quot;classic&quot;}\">\n\t\t\t\t<div class=\"elementor-element elementor-element-8161a95 elementor-icon-list--layout-traditional elementor-list-item-link-full_width elementor-widget elementor-widget-icon-list\" data-id=\"8161a95\" data-element_type=\"widget\" data-widget_type=\"icon-list.default\">\n\t\t\t\t\t\t\t<ul class=\"elementor-icon-list-items\">\n\t\t\t\t\t\t\t<li class=\"elementor-icon-list-item\">\n\t\t\t\t\t\t\t\t\t\t\t<span class=\"elementor-icon-list-icon\">\n\t\t\t\t\t\t\t<svg aria-hidden=\"true\" class=\"e-font-icon-svg e-fas-circle\" viewBox=\"0 0 512 512\" xmlns=\"http:\/\/www.w3.org\/2000\/svg\"><path d=\"M256 8C119 8 8 119 8 256s111 248 248 248 248-111 248-248S393 8 256 8z\"><\/path><\/svg>\t\t\t\t\t\t<\/span>\n\t\t\t\t\t\t\t\t\t\t<span class=\"elementor-icon-list-text\">Workplace Promo Print: Tu Estudio Creativo y de Impresi\u00f3n en un Solo Lugar<\/span>\n\t\t\t\t\t\t\t\t\t<\/li>\n\t\t\t\t\t\t<\/ul>\n\t\t\t\t\t\t<\/div>\n\t\t\t\t<div class=\"elementor-element elementor-element-15f38ba2 elementor-widget elementor-widget-text-editor\" data-id=\"15f38ba2\" data-element_type=\"widget\" data-widget_type=\"text-editor.default\">\n\t\t\t\t\t\t\t\t\tWorkplace es el espacio dise\u00f1ado para transformar tus ideas en impresiones profesionales de manera r\u00e1pida y sin complicaciones. Olv\u00eddate de problemas de software, equipo o calidad. Aqu\u00ed dise\u00f1as e imprimes tus proyectos, obteniendo resultados listos el mismo d\u00eda.\t\t\t\t\t\t\t\t<\/div>\n\t\t\t\t<div class=\"elementor-element elementor-element-6b066df7 elementor-align-left elementor-widget elementor-widget-button\" data-id=\"6b066df7\" data-element_type=\"widget\" data-widget_type=\"button.default\">\n\t\t\t\t\t\t\t\t\t\t<a class=\"elementor-button elementor-button-link elementor-size-sm\" href=\"https:\/\/maps.app.goo.gl\/QVuJbw86T7MKD6ZE6\">\n\t\t\t\t\t\t<span class=\"elementor-button-content-wrapper\">\n\t\t\t\t\t\t<span class=\"elementor-button-icon\">\n\t\t\t\t<svg aria-hidden=\"true\" class=\"e-font-icon-svg e-fas-map-pin\" viewBox=\"0 0 288 512\" xmlns=\"http:\/\/www.w3.org\/2000\/svg\"><path d=\"M112 316.94v156.69l22.02 33.02c4.75 7.12 15.22 7.12 19.97 0L176 473.63V316.94c-10.39 1.92-21.06 3.06-32 3.06s-21.61-1.14-32-3.06zM144 0C64.47 0 0 64.47 0 144s64.47 144 144 144 144-64.47 144-144S223.53 0 144 0zm0 76c-37.5 0-68 30.5-68 68 0 6.62-5.38 12-12 12s-12-5.38-12-12c0-50.73 41.28-92 92-92 6.62 0 12 5.38 12 12s-5.38 12-12 12z\"><\/path><\/svg>\t\t\t<\/span>\n\t\t\t\t\t\t\t\t\t<span class=\"elementor-button-text\">Conoce la ubicaci\u00f3n<\/span>\n\t\t\t\t\t<\/span>\n\t\t\t\t\t<\/a>\n\t\t\t\t\t\t\t\t<\/div>\n\t\t<div class=\"elementor-element elementor-element-034d110 e-con-full e-flex e-con e-child\" data-id=\"034d110\" data-element_type=\"container\">\n\t\t<div class=\"elementor-element elementor-element-d71aa47 e-con-full e-flex e-con e-child\" data-id=\"d71aa47\" data-element_type=\"container\">\n\t\t\t\t<div class=\"elementor-element elementor-element-efe5586 elementor-position-top elementor-widget elementor-widget-image-box\" data-id=\"efe5586\" data-element_type=\"widget\" data-widget_type=\"image-box.default\">\n\t\t\t\t\t<div class=\"elementor-image-box-wrapper\"><figure class=\"elementor-image-box-img\"><img fetchpriority=\"high\" decoding=\"async\" width=\"460\" height=\"457\" src=\"https:\/\/pprint.com.mx\/wp-content\/uploads\/2025\/10\/WhatsApp-Image-2025-10-28-at-10.30.13-AM-e1761674263924.jpeg\" class=\"attachment-full size-full wp-image-810\" alt=\"\" srcset=\"https:\/\/pprint.com.mx\/wp-content\/uploads\/2025\/10\/WhatsApp-Image-2025-10-28-at-10.30.13-AM-e1761674263924.jpeg 460w, https:\/\/pprint.com.mx\/wp-content\/uploads\/2025\/10\/WhatsApp-Image-2025-10-28-at-10.30.13-AM-e1761674263924-300x298.jpeg 300w, https:\/\/pprint.com.mx\/wp-content\/uploads\/2025\/10\/WhatsApp-Image-2025-10-28-at-10.30.13-AM-e1761674263924-150x150.jpeg 150w\" sizes=\"(max-width: 460px) 100vw, 460px\" \/><\/figure><div class=\"elementor-image-box-content\"><h3 class=\"elementor-image-box-title\">Dise\u00f1a con Equipos Pro<\/h3><p class=\"elementor-image-box-description\">Accede a iMacs profesionales con software de dise\u00f1o instalado y conexi\u00f3n de alta velocidad. Simplemente trae tus archivos o empieza desde cero.<\/p><\/div><\/div>\t\t\t\t<\/div>\n\t\t\t\t<\/div>\n\t\t<div class=\"elementor-element elementor-element-1f56ac6 e-con-full e-flex e-con e-child\" data-id=\"1f56ac6\" data-element_type=\"container\">\n\t\t\t\t<div class=\"elementor-element elementor-element-e79d831 elementor-position-top elementor-widget elementor-widget-image-box\" data-id=\"e79d831\" data-element_type=\"widget\" data-widget_type=\"image-box.default\">\n\t\t\t\t\t<div class=\"elementor-image-box-wrapper\"><figure class=\"elementor-image-box-img\"><img decoding=\"async\" width=\"900\" height=\"898\" src=\"https:\/\/pprint.com.mx\/wp-content\/uploads\/2025\/10\/WhatsApp-Image-2025-10-28-at-10.27.38-AM-e1761674135152.jpeg\" class=\"attachment-full size-full wp-image-803\" alt=\"\" srcset=\"https:\/\/pprint.com.mx\/wp-content\/uploads\/2025\/10\/WhatsApp-Image-2025-10-28-at-10.27.38-AM-e1761674135152.jpeg 900w, https:\/\/pprint.com.mx\/wp-content\/uploads\/2025\/10\/WhatsApp-Image-2025-10-28-at-10.27.38-AM-e1761674135152-300x300.jpeg 300w, https:\/\/pprint.com.mx\/wp-content\/uploads\/2025\/10\/WhatsApp-Image-2025-10-28-at-10.27.38-AM-e1761674135152-150x150.jpeg 150w, https:\/\/pprint.com.mx\/wp-content\/uploads\/2025\/10\/WhatsApp-Image-2025-10-28-at-10.27.38-AM-e1761674135152-768x766.jpeg 768w\" sizes=\"(max-width: 900px) 100vw, 900px\" \/><\/figure><div class=\"elementor-image-box-content\"><h3 class=\"elementor-image-box-title\">Imprime con Calidad Garantizada<\/h3><p class=\"elementor-image-box-description\">Aprovecha la calidad de impresi\u00f3n que solo Promo Print te ofrece. Tus dise\u00f1os pasar\u00e1n del archivo al papel con colores vibrantes y acabados profesionales.<\/p><\/div><\/div>\t\t\t\t<\/div>\n\t\t\t\t<\/div>\n\t\t<div class=\"elementor-element elementor-element-5dc49a5 e-con-full e-flex e-con e-child\" data-id=\"5dc49a5\" data-element_type=\"container\">\n\t\t\t\t<div class=\"elementor-element elementor-element-84aecad elementor-position-top elementor-widget elementor-widget-image-box\" data-id=\"84aecad\" data-element_type=\"widget\" data-widget_type=\"image-box.default\">\n\t\t\t\t\t<div class=\"elementor-image-box-wrapper\"><figure class=\"elementor-image-box-img\"><img decoding=\"async\" width=\"673\" height=\"672\" src=\"https:\/\/pprint.com.mx\/wp-content\/uploads\/2025\/10\/Gemini_Generated_Image_yiqwd7yiqwd7yiqw-e1761100405794.png\" class=\"attachment-full size-full wp-image-553\" alt=\"\" srcset=\"https:\/\/pprint.com.mx\/wp-content\/uploads\/2025\/10\/Gemini_Generated_Image_yiqwd7yiqwd7yiqw-e1761100405794.png 673w, https:\/\/pprint.com.mx\/wp-content\/uploads\/2025\/10\/Gemini_Generated_Image_yiqwd7yiqwd7yiqw-e1761100405794-300x300.png 300w, https:\/\/pprint.com.mx\/wp-content\/uploads\/2025\/10\/Gemini_Generated_Image_yiqwd7yiqwd7yiqw-e1761100405794-150x150.png 150w\" sizes=\"(max-width: 673px) 100vw, 673px\" \/><\/figure><div class=\"elementor-image-box-content\"><h3 class=\"elementor-image-box-title\">Asesor\u00eda Experta Incluida<\/h3><p class=\"elementor-image-box-description\">\u00bfDudas con formatos, resoluci\u00f3n o acabados? Recibe asesor\u00eda gratuita de nuestros expertos en dise\u00f1o e impresi\u00f3n para optimizar tus proyectos.<\/p><\/div><\/div>\t\t\t\t<\/div>\n\t\t\t\t<\/div>\n\t\t\t\t<\/div>\n\t\t\t\t<\/div>\n\t\t\t\t<\/div>\n\t\t\t\t<\/div>\n\t\t\t\t\t<\/div>\n\t\t\t\t<\/div>\n\t\t\t\t<\/div>\n\t\t","protected":false},"excerpt":{"rendered":"<p>workplace Tu Espacio Creativo con iMacs Profesionales \u00bfEres estudiante o profesional de dise\u00f1o, fotograf\u00eda o marketing? En nuestro Workplace encontrar\u00e1s [&hellip;]<\/p>\n","protected":false},"author":1,"featured_media":0,"parent":0,"menu_order":0,"comment_status":"closed","ping_status":"closed","template":"elementor_canvas","meta":{"site-sidebar-layout":"no-sidebar","site-content-layout":"","ast-site-content-layout":"full-width-container","site-content-style":"default","site-sidebar-style":"default","ast-global-header-display":"","ast-banner-title-visibility":"","ast-main-header-display":"","ast-hfb-above-header-display":"","ast-hfb-below-header-display":"","ast-hfb-mobile-header-display":"","site-post-title":"","ast-breadcrumbs-content":"","ast-featured-img":"disabled","footer-sml-layout":"","theme-transparent-header-meta":"","adv-header-id-meta":"","stick-header-meta":"","header-above-stick-meta":"","header-main-stick-meta":"","header-below-stick-meta":"","astra-migrate-meta-layouts":"default","ast-page-background-enabled":"default","ast-page-background-meta":{"desktop":{"background-color":"var(--ast-global-color-5)","background-image":"","background-repeat":"repeat","background-position":"center center","background-size":"auto","background-attachment":"scroll","background-type":"","background-media":"","overlay-type":"","overlay-color":"","overlay-opacity":"","overlay-gradient":""},"tablet":{"background-color":"","background-image":"","background-repeat":"repeat","background-position":"center center","background-size":"auto","background-attachment":"scroll","background-type":"","background-media":"","overlay-type":"","overlay-color":"","overlay-opacity":"","overlay-gradient":""},"mobile":{"background-color":"","background-image":"","background-repeat":"repeat","background-position":"center center","background-size":"auto","background-attachment":"scroll","background-type":"","background-media":"","overlay-type":"","overlay-color":"","overlay-opacity":"","overlay-gradient":""}},"ast-content-background-meta":{"desktop":{"background-color":"var(--ast-global-color-4)","background-image":"","background-repeat":"repeat","background-position":"center center","background-size":"auto","background-attachment":"scroll","background-type":"","background-media":"","overlay-type":"","overlay-color":"","overlay-opacity":"","overlay-gradient":""},"tablet":{"background-color":"var(--ast-global-color-4)","background-image":"","background-repeat":"repeat","background-position":"center center","background-size":"auto","background-attachment":"scroll","background-type":"","background-media":"","overlay-type":"","overlay-color":"","overlay-opacity":"","overlay-gradient":""},"mobile":{"background-color":"var(--ast-global-color-4)","background-image":"","background-repeat":"repeat","background-position":"center center","background-size":"auto","background-attachment":"scroll","background-type":"","background-media":"","overlay-type":"","overlay-color":"","overlay-opacity":"","overlay-gradient":""}},"footnotes":""},"class_list":["post-305","page","type-page","status-publish","hentry"],"_hostinger_reach_plugin_has_subscription_block":false,"_hostinger_reach_plugin_is_elementor":false,"_links":{"self":[{"href":"https:\/\/pprint.com.mx\/index.php?rest_route=\/wp\/v2\/pages\/305","targetHints":{"allow":["GET"]}}],"collection":[{"href":"https:\/\/pprint.com.mx\/index.php?rest_route=\/wp\/v2\/pages"}],"about":[{"href":"https:\/\/pprint.com.mx\/index.php?rest_route=\/wp\/v2\/types\/page"}],"author":[{"embeddable":true,"href":"https:\/\/pprint.com.mx\/index.php?rest_route=\/wp\/v2\/users\/1"}],"replies":[{"embeddable":true,"href":"https:\/\/pprint.com.mx\/index.php?rest_route=%2Fwp%2Fv2%2Fcomments&post=305"}],"version-history":[{"count":52,"href":"https:\/\/pprint.com.mx\/index.php?rest_route=\/wp\/v2\/pages\/305\/revisions"}],"predecessor-version":[{"id":813,"href":"https:\/\/pprint.com.mx\/index.php?rest_route=\/wp\/v2\/pages\/305\/revisions\/813"}],"wp:attachment":[{"href":"https:\/\/pprint.com.mx\/index.php?rest_route=%2Fwp%2Fv2%2Fmedia&parent=305"}],"curies":[{"name":"wp","href":"https:\/\/api.w.org\/{rel}","templated":true}]}}